{"id":366,"date":"2020-09-02T12:42:42","date_gmt":"2020-09-02T10:42:42","guid":{"rendered":"https:\/\/max.baxa.biz\/?page_id=366"},"modified":"2020-09-02T14:16:36","modified_gmt":"2020-09-02T12:16:36","slug":"impressum","status":"publish","type":"page","link":"https:\/\/boyz.baxa.biz\/?page_id=366","title":{"rendered":"Impressum"},"content":{"rendered":"\n<p><strong>Medieninhaber und verantwortlich f\u00fcr den Inhalt dieser Internetseite:&nbsp;<\/strong><\/p>\n\n\n\n<p>Mag. Martin Baxa<br>Paul Koller-Gasse 1\/6<br>7000 Eisenstadt<\/p>\n\n\n\n<p><strong>Medienkontakt:<\/strong><br><br>Mag. Martin Baxa<br><a href=\"mailto:martin.baxa@gmx.at\">martin.baxa@gmx.at<\/a><br>+436642215463<\/p>\n\n\n\n<p><br><strong>Urheberrechte:<\/strong>\u00a0<br>Die Erstellung, die Verwendung und die nicht kommerzielle Weitergabe von Kopien in elektronischer oder ausgedruckter Form sind erlaubt, sofern der Inhalt nicht entstellt und die Quelle angegeben wird (Quelle: boyz.baxa.biz). Texte, Bilder und Grafiken unterliegen dem Schutz des Urheberrechts und anderen Schutzgesetzen, soweit nicht anders angegeben.<br><strong><br>Haftung:<\/strong>\u00a0<br>Trotz sorgf\u00e4ltiger inhaltlicher Kontrolle \u00fcbernehmen wir keine Haftung f\u00fcr die Inhalte externer Links. F\u00fcr den Inhalt der verlinkten Seiten sind ausschlie\u00dflich deren Betreiber verantwortlich.<br><strong><br>Datenschutz:<\/strong>\u00a0<\/p>\n\n\n\n<div class=\"wp-block-button\"><a class=\"wp-block-button__link\" href=\"https:\/\/boyz.baxa.biz\/index.php\/privacy-policy\/\">Datenschutzerkl\u00e4rung<\/a><\/div>\n","protected":false},"excerpt":{"rendered":"<p>Medieninhaber und verantwortlich f\u00fcr den Inhalt dieser Internetseite:&nbsp; Mag. Martin BaxaPaul Koller-Gasse 1\/67000 Eisenstadt Medienkontakt: Mag. Martin Baxamartin.baxa@gmx.at+436642215463 Urheberrechte:\u00a0Die Erstellung, die Verwendung und die nicht kommerzielle Weitergabe von Kopien in [&hellip;]<\/p>\n","protected":false},"author":1,"featured_media":0,"parent":0,"menu_order":0,"comment_status":"closed","ping_status":"closed","template":"","meta":{"footnotes":""},"class_list":["post-366","page","type-page","status-publish","hentry"],"_links":{"self":[{"href":"https:\/\/boyz.baxa.biz\/index.php?rest_route=\/wp\/v2\/pages\/366","targetHints":{"allow":["GET"]}}],"collection":[{"href":"https:\/\/boyz.baxa.biz\/index.php?rest_route=\/wp\/v2\/pages"}],"about":[{"href":"https:\/\/boyz.baxa.biz\/index.php?rest_route=\/wp\/v2\/types\/page"}],"author":[{"embeddable":true,"href":"https:\/\/boyz.baxa.biz\/index.php?rest_route=\/wp\/v2\/users\/1"}],"replies":[{"embeddable":true,"href":"https:\/\/boyz.baxa.biz\/index.php?rest_route=%2Fwp%2Fv2%2Fcomments&post=366"}],"version-history":[{"count":0,"href":"https:\/\/boyz.baxa.biz\/index.php?rest_route=\/wp\/v2\/pages\/366\/revisions"}],"wp:attachment":[{"href":"https:\/\/boyz.baxa.biz\/index.php?rest_route=%2Fwp%2Fv2%2Fmedia&parent=366"}],"curies":[{"name":"wp","href":"https:\/\/api.w.org\/{rel}","templated":true}]}}