{"id":35,"date":"2020-08-25T23:36:05","date_gmt":"2020-08-25T21:36:05","guid":{"rendered":"https:\/\/max.baxa.biz\/?page_id=35"},"modified":"2024-06-24T15:14:13","modified_gmt":"2024-06-24T13:14:13","slug":"about-me","status":"publish","type":"page","link":"https:\/\/boyz.baxa.biz\/?page_id=35","title":{"rendered":"About Us"},"content":{"rendered":"\n<p>Max wurde mit einem au\u00dferordentlichen Bewegungsdrang geboren. Naheliegend, begann er sehr fr\u00fch sich f\u00fcr Sport zu interessieren. Mit 4 Jahren stand Max das erste Mal auf dem Fu\u00dfballfeld. Im Rahmes des Fu\u00dfballvereins genoss er eine koordinativ- und bewegungsorientierte Grundausbildung. Skifahren ist famili\u00e4r stark verankert, Gelegenheiten zur Aus\u00fcbung allerdings leider selten.<\/p>\n\n\n\n<p>Die ersten Erfahrungen in der Leichtathletik sammelte Max bei verschiedenen Stadt- und Volksl\u00e4ufen. Schnell war er damals schon. Einige Siege sind die Ausbeute. Im Rahmen des Wintercups im Wiener Dusika-Stadion gewann er den Mehrkampf&nbsp;&nbsp;2019. Damit war sein Interesse an mehrern LA-Disziplinen entfacht.<\/p>\n\n\n\n<p>Das Laufteam-Burgenland war die neue Heimat von Max und erm\u00f6glichte weitere Bewegungserfahrung in verschiedenen Disziplinen. Das regelm\u00e4\u00dfige Training bewirkt deutliche Fortschritte vor allem im Sprint. Es folgen einige Siege \u00fcber 60m in der AK U12.&nbsp;<\/p>\n\n\n\n<p>Die stetige Weiterentwicklung best\u00e4rkte Max in seinem Training und in seiner Freude am Mehrkampf. Einzelne Erfolge vor allem \u00fcber 60m, 100m aber auch \u00fcber die H\u00fcrden und den Vortex-Wurf untermauerten seine Vielseitigkeit.<\/p>\n\n\n\n<p>2021 kann Max den Staatsmeistertitel im Mehrkampf U14 gewinnen. Und das im neuen Stadion in Eisenstadt. Ein absolutes Highlight!<\/p>\n\n\n\n<p>Aktuell wird viel Fokus auf die \u201eneuen\u201c Disziplinen Kugelsto\u00df, Speerwurf und Weitsprung gelegt. Schaut nicht schlecht aus!&nbsp;\ud83e\udd17<\/p>\n\n\n\n<figure class=\"wp-block-image size-thumbnail\"><img loading=\"lazy\" decoding=\"async\" width=\"150\" height=\"150\" src=\"https:\/\/boyz.baxa.biz\/wordpress\/wp-content\/uploads\/2020\/09\/Logo-2020-150x150.png\" alt=\"\" class=\"wp-image-386\" srcset=\"https:\/\/boyz.baxa.biz\/wordpress\/wp-content\/uploads\/2020\/09\/Logo-2020-150x150.png 150w, https:\/\/boyz.baxa.biz\/wordpress\/wp-content\/uploads\/2020\/09\/Logo-2020-300x300.png 300w, https:\/\/boyz.baxa.biz\/wordpress\/wp-content\/uploads\/2020\/09\/Logo-2020.png 582w\" sizes=\"auto, (max-width: 150px) 100vw, 150px\" \/><\/figure>\n\n\n\n<div style=\"height:25px\" aria-hidden=\"true\" class=\"wp-block-spacer\"><\/div>\n\n\n\n<div data-wp-interactive=\"core\/file\" class=\"wp-block-file\"><object data-wp-bind--hidden=\"!state.hasPdfPreview\" hidden class=\"wp-block-file__embed\" data=\"https:\/\/boyz.baxa.biz\/wordpress\/wp-content\/uploads\/2024\/06\/Steckbrief-Max-Baxa.pdf\" type=\"application\/pdf\" style=\"width:100%;height:600px\" aria-label=\"Embed of Steckbrief-Max-Baxa.\"><\/object><a id=\"wp-block-file--media-52b8a11c-a42b-4235-acb2-1c220e95aa4f\" href=\"https:\/\/boyz.baxa.biz\/wordpress\/wp-content\/uploads\/2024\/06\/Steckbrief-Max-Baxa.pdf\">Steckbrief-Max-Baxa<\/a><a href=\"https:\/\/boyz.baxa.biz\/wordpress\/wp-content\/uploads\/2024\/06\/Steckbrief-Max-Baxa.pdf\" class=\"wp-block-file__button wp-element-button\" download aria-describedby=\"wp-block-file--media-52b8a11c-a42b-4235-acb2-1c220e95aa4f\">Download<\/a><\/div>\n","protected":false},"excerpt":{"rendered":"<p>Max wurde mit einem au\u00dferordentlichen Bewegungsdrang geboren. Naheliegend, begann er sehr fr\u00fch sich f\u00fcr Sport zu interessieren. Mit 4 Jahren stand Max das erste Mal auf dem Fu\u00dfballfeld. Im Rahmes [&hellip;]<\/p>\n","protected":false},"author":1,"featured_media":0,"parent":0,"menu_order":0,"comment_status":"closed","ping_status":"closed","template":"","meta":{"footnotes":""},"class_list":["post-35","page","type-page","status-publish","hentry"],"_links":{"self":[{"href":"https:\/\/boyz.baxa.biz\/index.php?rest_route=\/wp\/v2\/pages\/35","targetHints":{"allow":["GET"]}}],"collection":[{"href":"https:\/\/boyz.baxa.biz\/index.php?rest_route=\/wp\/v2\/pages"}],"about":[{"href":"https:\/\/boyz.baxa.biz\/index.php?rest_route=\/wp\/v2\/types\/page"}],"author":[{"embeddable":true,"href":"https:\/\/boyz.baxa.biz\/index.php?rest_route=\/wp\/v2\/users\/1"}],"replies":[{"embeddable":true,"href":"https:\/\/boyz.baxa.biz\/index.php?rest_route=%2Fwp%2Fv2%2Fcomments&post=35"}],"version-history":[{"count":4,"href":"https:\/\/boyz.baxa.biz\/index.php?rest_route=\/wp\/v2\/pages\/35\/revisions"}],"predecessor-version":[{"id":3787,"href":"https:\/\/boyz.baxa.biz\/index.php?rest_route=\/wp\/v2\/pages\/35\/revisions\/3787"}],"wp:attachment":[{"href":"https:\/\/boyz.baxa.biz\/index.php?rest_route=%2Fwp%2Fv2%2Fmedia&parent=35"}],"curies":[{"name":"wp","href":"https:\/\/api.w.org\/{rel}","templated":true}]}}